{"id":2243,"date":"2024-01-14T04:05:54","date_gmt":"2024-01-14T07:05:54","guid":{"rendered":"https:\/\/menuzim.com\/?post_type=product&#038;p=2243"},"modified":"2024-01-17T20:55:55","modified_gmt":"2024-01-17T23:55:55","slug":"cardapio-digital-premium-site","status":"publish","type":"product","link":"https:\/\/menuzim.com\/index.php\/produto\/cardapio-digital-premium-site\/","title":{"rendered":"Card\u00e1pio Digital Premium + Site"},"content":{"rendered":"<div class=\"elementor-element elementor-element-31e5a2c elementor-align-center elementor-widget-mobile__width-initial elementor-icon-list--layout-traditional elementor-list-item-link-full_width elementor-widget elementor-widget-icon-list\" data-id=\"31e5a2c\" data-element_type=\"widget\" data-widget_type=\"icon-list.default\">\n<div class=\"elementor-widget-container\">\n<p><strong>Proposta de Presta\u00e7\u00e3o de Servi\u00e7os Online &#8211; ZimDigital Card\u00e1pio Digital<\/strong><\/p>\n<p>Prezado(a),<\/p>\n<p>\u00c9 com grande satisfa\u00e7\u00e3o que apresentamos a proposta de presta\u00e7\u00e3o de servi\u00e7os da ZimDigital para a implementa\u00e7\u00e3o do seu Card\u00e1pio Digital Online. Estamos dedicados a oferecer solu\u00e7\u00f5es pr\u00e1ticas e eficientes para otimizar a gest\u00e3o do seu estabelecimento.<\/p>\n<p><strong>Servi\u00e7os Inclusos:<\/strong><\/p>\n<ul>\n<li>Implementa\u00e7\u00e3o do Card\u00e1pio Digital Online em at\u00e9 48 horas ap\u00f3s o pagamento.<\/li>\n<li>Acesso total ao painel de controle com login e senha para realizar altera\u00e7\u00f5es desejadas.<\/li>\n<li>Plano PREMIUM<\/li>\n<li>Site(<a href=\"https:\/\/pt.wikipedia.org\/wiki\/Landing_page#:~:text=No%20marketing%20digital%20%28tamb%C3%A9m%20chamado%20de%20marketing%20online%29%2C,de%20marketing%20ou%20um%20an%C3%BAncio%20online.%20%5B%201%5D\">Landing Page?<\/a>) completo com at\u00e9 6 paginas, 1 banner e 10 artes personalizadas<\/li>\n<\/ul>\n<p><strong>Investimento e Forma de Pagamento:<\/strong> O investimento ANUAL para o plano \u00e9 de R$432,00, com 15% de desconto para pagamentos via Pix. N\u00e3o haver\u00e1 mais nenhum tipo de cobran\u00e7a, como taxas ou comiss\u00f5es.<\/p>\n<p><strong>Condi\u00e7\u00f5es Gerais:<\/strong> Toda a implementa\u00e7\u00e3o ser\u00e1 conduzida por nossa equipe, sendo necess\u00e1rio que voc\u00ea forne\u00e7a as informa\u00e7\u00f5es solicitadas. Ap\u00f3s a implementa\u00e7\u00e3o, voc\u00ea ter\u00e1 total autonomia para realizar as altera\u00e7\u00f5es desejadas atrav\u00e9s do painel de controle fornecido.<\/p>\n<p><strong>Validade e Vencimentos:<\/strong><\/p>\n<ul>\n<li>O plano ANUAL ter\u00e1 uma \u00fanica cobran\u00e7a atrav\u00e9s desta compra, o que lhe dar\u00e1 acesso ao seu sistema por 12 meses.<\/li>\n<li>Ap\u00f3s 12 meses, ser\u00e1 necess\u00e1ria uma renova\u00e7\u00e3o nesta presta\u00e7\u00e3o de servi\u00e7os.<\/li>\n<li>A n\u00e3o renova\u00e7\u00e3o em at\u00e9 60 dias ap\u00f3s o t\u00e9rmino dos 12 meses acarretar\u00e1 na exclus\u00e3o de todos os dados do estabelecimento.<\/li>\n<\/ul>\n<p><strong>Proposta:<\/strong> Ao efetuar a compra, voc\u00ea concorda e est\u00e1 ciente de todas as condi\u00e7\u00f5es descritas acima.<\/p>\n<p>Estamos \u00e0 disposi\u00e7\u00e3o para esclarecer qualquer d\u00favida e ansiosos para contribuir com o sucesso do seu estabelecimento. Agradecemos a confian\u00e7a em nossos servi\u00e7os.<\/p>\n<p><em><strong>Plano PREMIUM + Site (landing page):<\/strong><\/em><br \/>\n<strong>1 \u2013 Profissionalismo e credibilidade :<\/strong>\u00a0Tenha seu pr\u00f3prio dom\u00ednio personalizado\u00a0www.SuaEmpresa.com.br. Tenha tamb\u00e9m um e-mail executivo do tipo SeuNome@SuaEmpresa.com.br.<br \/>\n<strong>2 \u2013 Personaliza\u00e7\u00e3o:<\/strong>\u00a0Al\u00e9m do card\u00e1pio, tenha uma landing page completa com at\u00e9 6 p\u00e1ginas para inserir informa\u00e7\u00f5es detalhadas, como fotos, hist\u00f3ria da empresa, principais fornecedores e qualquer outra informa\u00e7\u00e3o relevante.<br \/>\n<strong>3 \u2013 Optimiza\u00e7\u00e3o:<\/strong>\u00a0Pagina com cookies otimizados, SEO ativo isso otimiza os resultados em motores de busca como google, bing e outros search engines.<br \/>\n<strong>4 \u2013 Publicidade:<\/strong>\u00a0Voc\u00ea poder\u00e1 colocar seu site no GoogleAds e fazer campanhas patrocinadas assim como publicidade em outras plataformas e redes sociais<br \/>\n<strong>5 \u2013 Branding:<\/strong>\u00a0Um dom\u00ednio pr\u00f3prio \u00e9 uma parte importante da constru\u00e7\u00e3o e refor\u00e7o de uma marca online s\u00f3lida. \u00c9 mais f\u00e1cil promover e construir reconhecimento de marca com um dom\u00ednio personalizado.<\/p>\n<p><em><strong>Funcionalidades &#8211; <\/strong>Todas funcionalidades de back-end:<\/em><\/p>\n<p><strong>1- Acesso:<\/strong> Com login e senha no site de administra\u00e7\u00e3o do card\u00e1pio, n\u00e3o h\u00e1 acesso a outras funcionalidades, portanto, apenas conseguir\u00e1 alterar itens referente ao card\u00e1pio.<br \/>\n<strong>2 \u2013 Painel:<\/strong><br \/>\n<strong>a)<\/strong>\u00a0Aba Produtos: onde poder\u00e1 alterar, adicionar ou remover produtos, fotos, pre\u00e7os e adicionais.<br \/>\n<strong>b)<\/strong>\u00a0Aba Pedidos: Todos hist\u00f3rico de pedidos do seu card\u00e1pio com todas informa\u00e7\u00f5es do cliente.<br \/>\n<strong>c)<\/strong>\u00a0Aba Cupom: Voc\u00ea pode configurar cupons para campanhas promocionais ou para clientes fi\u00e9is, cupons de desconto em valor real, porcentagem ou entrega gr\u00e1tis.<br \/>\n<strong>d)<\/strong>\u00a0Aba Clientes: Estamos implementando essa aba ainda n\u00e3o dispon\u00edvel.<br \/>\n<strong>e)<\/strong>\u00a0Aba Relat\u00f3rios: Voc\u00ea ter\u00e1 todo o relat\u00f3rio de vendas por per\u00edodo, gr\u00e1fico, valor total de vendas, total de pedidos, quantidade de produtos vendidos, e ticket m\u00e9dio.<br \/>\n<strong>f)<\/strong>\u00a0Aba Configura\u00e7\u00f5es: Nessa aba voc\u00ea determina diversas informa\u00e7\u00f5es da sua empresa, telefone de contato, categorias do menu, informa\u00e7\u00f5es referente a entrega, hor\u00e1rios, pagamentos, impress\u00e3o.<br \/>\n<strong>3 \u2013 Gestor de pedidos:<\/strong>\u00a0Pagina com todas informa\u00e7\u00f5es inerentes aos pedidos atuais recebidos, aceitos, despachados e finalizados.<br \/>\n<strong>4 \u2013 Pedidos:<\/strong>\u00a0Os pedidos tamb\u00e9m ser\u00e3o enviados via whatsapp.<\/p>\n<ul class=\"elementor-icon-list-items\">\n<li><em><strong>Brinde 1: dica de app gratuito para automatizar respostas no whatsapp &#8211; (n\u00e3o vinculado a nossa marca)<\/strong><\/em><\/li>\n<li><em><strong>Brinde 2: ganhe 1500 seguidores no instagram\u00a0<\/strong><\/em><\/li>\n<\/ul>\n<\/div>\n<\/div>\n","protected":false},"excerpt":{"rendered":"<p>Des\u00e7a a pagina e leita a <strong>Proposta<\/strong> e as <strong>Vantagens<\/strong> do plano.<\/p>\n<p><a href=\"https:\/\/menuzim.com\/cantinadapizza\/index.php\/home\/\" target=\"_blank\" rel=\"noopener\">CLIQUE AQUI E ACESSE SITE DEMONSTRATIVO\u00a0<\/a><\/p>\n<p>Ficou com duvidas?<\/p>\n<p><a href=\"https:\/\/menuzim.com\/index.php\/faq\/\" target=\"_blank\" rel=\"noopener\">Clique aqui para ver perguntas frequentes<\/a>.<\/p>\n<p>Ou chame agora mesmo no <a href=\"http:\/\/wa.link\/19cce6\" target=\"_blank\" rel=\"noopener\">WhatsApp<\/a><\/p>\n","protected":false},"featured_media":2242,"template":"","meta":{"_kad_post_transparent":"default","_kad_post_title":"","_kad_post_layout":"default","_kad_post_sidebar_id":"","_kad_post_content_style":"default","_kad_post_vertical_padding":"default","_kad_post_feature":"","_kad_post_feature_position":"","_kad_post_header":false,"_kad_post_footer":false},"product_cat":[18,36],"product_tag":[],"_links":{"self":[{"href":"https:\/\/menuzim.com\/index.php\/wp-json\/wp\/v2\/product\/2243"}],"collection":[{"href":"https:\/\/menuzim.com\/index.php\/wp-json\/wp\/v2\/product"}],"about":[{"href":"https:\/\/menuzim.com\/index.php\/wp-json\/wp\/v2\/types\/product"}],"wp:featuredmedia":[{"embeddable":true,"href":"https:\/\/menuzim.com\/index.php\/wp-json\/wp\/v2\/media\/2242"}],"wp:attachment":[{"href":"https:\/\/menuzim.com\/index.php\/wp-json\/wp\/v2\/media?parent=2243"}],"wp:term":[{"taxonomy":"product_cat","embeddable":true,"href":"https:\/\/menuzim.com\/index.php\/wp-json\/wp\/v2\/product_cat?post=2243"},{"taxonomy":"product_tag","embeddable":true,"href":"https:\/\/menuzim.com\/index.php\/wp-json\/wp\/v2\/product_tag?post=2243"}],"curies":[{"name":"wp","href":"https:\/\/api.w.org\/{rel}","templated":true}]}}