{"id":2113,"date":"2024-01-12T17:21:46","date_gmt":"2024-01-12T20:21:46","guid":{"rendered":"https:\/\/menuzim.com\/?page_id=2113"},"modified":"2024-01-12T20:10:55","modified_gmt":"2024-01-12T23:10:55","slug":"blog","status":"publish","type":"page","link":"https:\/\/menuzim.com\/index.php\/blog\/","title":{"rendered":"blog"},"content":{"rendered":"\t\t<div data-elementor-type=\"wp-page\" data-elementor-id=\"2113\" class=\"elementor elementor-2113\">\n\t\t\t\t\t\t\t<div class=\"elementor-element elementor-element-6b64b08 e-flex e-con-boxed e-con e-parent\" data-id=\"6b64b08\" data-element_type=\"container\" data-settings=\"{&quot;content_width&quot;:&quot;boxed&quot;,&quot;_ha_eqh_enable&quot;:false}\" data-core-v316-plus=\"true\">\n\t\t\t\t\t<div class=\"e-con-inner\">\n\t\t\t\t<div class=\"elementor-element elementor-element-993b2db elementor-grid-3 elementor-grid-tablet-2 elementor-grid-mobile-1 elementor-posts--align-left elementor-widget elementor-widget-blogmentor_blog_posts\" data-id=\"993b2db\" data-element_type=\"widget\" data-settings=\"{&quot;bm_grid_columns&quot;:&quot;3&quot;,&quot;bm_grid_columns_tablet&quot;:&quot;2&quot;,&quot;bm_grid_columns_mobile&quot;:&quot;1&quot;,&quot;post_card_grid_gap&quot;:{&quot;unit&quot;:&quot;px&quot;,&quot;size&quot;:10,&quot;sizes&quot;:[]},&quot;post_card_row_gap&quot;:{&quot;unit&quot;:&quot;px&quot;,&quot;size&quot;:35,&quot;sizes&quot;:[]}}\" data-widget_type=\"blogmentor_blog_posts.default\">\n\t\t\t\t<div class=\"elementor-widget-container\">\n\t\t\t\t\t\n\t\t\t\t\t\t\t\t<div class=\"bm-blog-posts-wrapper\" >\n\t\t\t\t\t\t\t<div class=\"bm-blog-posts bm-display-grid elementor-grid elementor-grid-3\" >\n\t\t\t\t    <article id=\"post-2159\" class=\"item bm_layout post-2159 post type-post status-publish format-standard has-post-thumbnail hentry category-blog\">\n\t\t<div class=\"bm-blog-post-image entry-post-image\">\n\t\t\t<div class=\"bm-post-image clearfix bm-hover-effect bm-hover-effect-blur\">\n\t\t\t\t<img fetchpriority=\"high\" decoding=\"async\" width=\"250\" height=\"250\" src=\"https:\/\/menuzim.com\/wp-content\/uploads\/2024\/01\/flat-people-multitasking-vectors_Easy-Resize.com_-250x250.jpg\" class=\"attachment-bm-post-thumb size-bm-post-thumb wp-post-image\" alt=\"\" srcset=\"https:\/\/menuzim.com\/wp-content\/uploads\/2024\/01\/flat-people-multitasking-vectors_Easy-Resize.com_-250x250.jpg 250w, https:\/\/menuzim.com\/wp-content\/uploads\/2024\/01\/flat-people-multitasking-vectors_Easy-Resize.com_-150x150.jpg 150w, https:\/\/menuzim.com\/wp-content\/uploads\/2024\/01\/flat-people-multitasking-vectors_Easy-Resize.com_-700x700.jpg 700w, https:\/\/menuzim.com\/wp-content\/uploads\/2024\/01\/flat-people-multitasking-vectors_Easy-Resize.com_-100x100.jpg 100w\" sizes=\"(max-width: 250px) 100vw, 250px\" \/>\t\t\t<\/div>\n\t\t<\/div>\n        <div class=\"bm-blog-post-content bm_content_box\">\n            <h4 class=\"entry-post-title bm_title\"><a href=\"https:\/\/menuzim.com\/index.php\/2024\/01\/12\/mega-guia-gestao-financeira-para-seu-negocio\/\" rel=\"bookmark\">Mega guia &#8211; Gest\u00e3o financeira para seu negocio<\/a><\/h4>            <div class=\"bm-blog-post-meta entry-post-meta bm_meta\">\n                <span class=\"byauthor\"><i class=\"fa fa-user\" aria-hidden=\"true\"><\/i><span class=\"screen-reader-text\">Posted by<\/span><span class=\"author vcard\"><a class=\"url fn n\" href=\"https:\/\/menuzim.com\/index.php\/author\/lucasm2200\/\">lucasm2200<\/a><\/span><\/span><span class=\"posted-on\"><i class=\"fa fa-clock\" aria-hidden=\"true\"><\/i><a href=\"https:\/\/menuzim.com\/index.php\/2024\/01\/12\/mega-guia-gestao-financeira-para-seu-negocio\/\" rel=\"bookmark\">janeiro 12, 2024<\/a><\/span><span class=\"comments-link\"><i class=\"fa fa-comments\" aria-hidden=\"true\"><\/i>0<\/span><span class=\"cat-links\"><i class=\"fa fa-list-alt\" aria-hidden=\"true\"><\/i>\n<span class=\"screen-reader-text\">Posted in<\/span><a href=\"https:\/\/menuzim.com\/index.php\/category\/blog\/\" rel=\"category tag\">Blog<\/a><\/span>            <\/div>\n            <div class=\"entry-post-content bm_content\">\n                INTRODU\u00c7\u00c3OA gest\u00e3o financeira \u00e9 algo muito importante para os propriet\u00e1rios de restaurantes. Afinal, \u00e9 preciso que o estabelecimento traga lucro e ao mesmo tempo possa <div><a href=\"https:\/\/menuzim.com\/index.php\/2024\/01\/12\/mega-guia-gestao-financeira-para-seu-negocio\/\" rel=\"bookmark\" class=\"bm-read-more entry-read-more\">Read More \u00bb<\/a><div>            <\/div>\n        <\/div>\n    <\/article>\n    <article id=\"post-2135\" class=\"item bm_layout post-2135 post type-post status-publish format-standard has-post-thumbnail hentry category-blog\">\n\t\t<div class=\"bm-blog-post-image entry-post-image\">\n\t\t\t<div class=\"bm-post-image clearfix bm-hover-effect bm-hover-effect-blur\">\n\t\t\t\t<img decoding=\"async\" width=\"250\" height=\"250\" src=\"https:\/\/menuzim.com\/wp-content\/uploads\/2024\/01\/gestao-eficiente-capa-250x250.jpg\" class=\"attachment-bm-post-thumb size-bm-post-thumb wp-post-image\" alt=\"\" srcset=\"https:\/\/menuzim.com\/wp-content\/uploads\/2024\/01\/gestao-eficiente-capa-250x250.jpg 250w, https:\/\/menuzim.com\/wp-content\/uploads\/2024\/01\/gestao-eficiente-capa-150x150.jpg 150w, https:\/\/menuzim.com\/wp-content\/uploads\/2024\/01\/gestao-eficiente-capa-100x100.jpg 100w\" sizes=\"(max-width: 250px) 100vw, 250px\" \/>\t\t\t<\/div>\n\t\t<\/div>\n        <div class=\"bm-blog-post-content bm_content_box\">\n            <h4 class=\"entry-post-title bm_title\"><a href=\"https:\/\/menuzim.com\/index.php\/2024\/01\/12\/gestao-eficiente-delivery\/\" rel=\"bookmark\">Gest\u00e3o eficiente delivery<\/a><\/h4>            <div class=\"bm-blog-post-meta entry-post-meta bm_meta\">\n                <span class=\"byauthor\"><i class=\"fa fa-user\" aria-hidden=\"true\"><\/i><span class=\"screen-reader-text\">Posted by<\/span><span class=\"author vcard\"><a class=\"url fn n\" href=\"https:\/\/menuzim.com\/index.php\/author\/lucasm2200\/\">lucasm2200<\/a><\/span><\/span><span class=\"posted-on\"><i class=\"fa fa-clock\" aria-hidden=\"true\"><\/i><a href=\"https:\/\/menuzim.com\/index.php\/2024\/01\/12\/gestao-eficiente-delivery\/\" rel=\"bookmark\">janeiro 12, 2024<\/a><\/span><span class=\"comments-link\"><i class=\"fa fa-comments\" aria-hidden=\"true\"><\/i>0<\/span><span class=\"cat-links\"><i class=\"fa fa-list-alt\" aria-hidden=\"true\"><\/i>\n<span class=\"screen-reader-text\">Posted in<\/span><a href=\"https:\/\/menuzim.com\/index.php\/category\/blog\/\" rel=\"category tag\">Blog<\/a><\/span>            <\/div>\n            <div class=\"entry-post-content bm_content\">\n                A gest\u00e3o eficiente de delivery \u00e9 fundamental para o sucesso de qualquer neg\u00f3cio que ofere\u00e7a servi\u00e7os de entrega. Nesse cen\u00e1rio din\u00e2mico e competitivo, a otimiza\u00e7\u00e3o <div><a href=\"https:\/\/menuzim.com\/index.php\/2024\/01\/12\/gestao-eficiente-delivery\/\" rel=\"bookmark\" class=\"bm-read-more entry-read-more\">Read More \u00bb<\/a><div>            <\/div>\n        <\/div>\n    <\/article>\n    <article id=\"post-1\" class=\"item bm_layout post-1 post type-post status-publish format-standard has-post-thumbnail hentry category-blog\">\n\t\t<div class=\"bm-blog-post-image entry-post-image\">\n\t\t\t<div class=\"bm-post-image clearfix bm-hover-effect bm-hover-effect-blur\">\n\t\t\t\t<img decoding=\"async\" width=\"250\" height=\"250\" src=\"https:\/\/menuzim.com\/wp-content\/uploads\/2024\/01\/23-250x250.jpg\" class=\"attachment-bm-post-thumb size-bm-post-thumb wp-post-image\" alt=\"\" srcset=\"https:\/\/menuzim.com\/wp-content\/uploads\/2024\/01\/23-250x250.jpg 250w, https:\/\/menuzim.com\/wp-content\/uploads\/2024\/01\/23-150x150.jpg 150w, https:\/\/menuzim.com\/wp-content\/uploads\/2024\/01\/23-100x100.jpg 100w\" sizes=\"(max-width: 250px) 100vw, 250px\" \/>\t\t\t<\/div>\n\t\t<\/div>\n        <div class=\"bm-blog-post-content bm_content_box\">\n            <h4 class=\"entry-post-title bm_title\"><a href=\"https:\/\/menuzim.com\/index.php\/2024\/01\/05\/ola-mundo\/\" rel=\"bookmark\">11 dicas para um card\u00e1pio de sucesso!<\/a><\/h4>            <div class=\"bm-blog-post-meta entry-post-meta bm_meta\">\n                <span class=\"byauthor\"><i class=\"fa fa-user\" aria-hidden=\"true\"><\/i><span class=\"screen-reader-text\">Posted by<\/span><span class=\"author vcard\"><a class=\"url fn n\" href=\"https:\/\/menuzim.com\/index.php\/author\/lucasm2200\/\">lucasm2200<\/a><\/span><\/span><span class=\"posted-on\"><i class=\"fa fa-clock\" aria-hidden=\"true\"><\/i><a href=\"https:\/\/menuzim.com\/index.php\/2024\/01\/05\/ola-mundo\/\" rel=\"bookmark\">janeiro 5, 2024<\/a><\/span><span class=\"comments-link\"><i class=\"fa fa-comments\" aria-hidden=\"true\"><\/i>0<\/span><span class=\"cat-links\"><i class=\"fa fa-list-alt\" aria-hidden=\"true\"><\/i>\n<span class=\"screen-reader-text\">Posted in<\/span><a href=\"https:\/\/menuzim.com\/index.php\/category\/blog\/\" rel=\"category tag\">Blog<\/a><\/span>            <\/div>\n            <div class=\"entry-post-content bm_content\">\n                Desenvolver um card\u00e1pio de sucesso para o seu neg\u00f3cio de comida \u00e9 crucial para atrair clientes, garantir sua satisfa\u00e7\u00e3o e fomentar a fidelidade. Inspirar-se nas <div><a href=\"https:\/\/menuzim.com\/index.php\/2024\/01\/05\/ola-mundo\/\" rel=\"bookmark\" class=\"bm-read-more entry-read-more\">Read More \u00bb<\/a><div>            <\/div>\n        <\/div>\n    <\/article>\n\t\t\t\t<\/div><\/div>\n\t\t\t\t\t\t<\/div>\n\t\t\t\t<\/div>\n\t\t\t\t\t<\/div>\n\t\t\t\t<\/div>\n\t\t\t\t\t\t\t<\/div>\n\t\t","protected":false},"excerpt":{"rendered":"<p>Gest\u00e3o eficiente delivery Posted bylucasm2200janeiro 12, 20240 Posted inBlog A gest\u00e3o eficiente de delivery \u00e9 fundamental para o sucesso de qualquer neg\u00f3cio que ofere\u00e7a servi\u00e7os de entrega. Nesse cen\u00e1rio din\u00e2mico e competitivo, a otimiza\u00e7\u00e3o de processos pode fazer toda a diferen\u00e7a. Aqui est\u00e3o algumas pr\u00e1ticas-chave para garantir uma gest\u00e3o de delivery eficiente e bem-sucedida: Tecnologia&#8230;<\/p>\n","protected":false},"author":1,"featured_media":0,"parent":0,"menu_order":0,"comment_status":"closed","ping_status":"closed","template":"","meta":{"_kad_post_transparent":"","_kad_post_title":"hide","_kad_post_layout":"fullwidth","_kad_post_sidebar_id":"","_kad_post_content_style":"unboxed","_kad_post_vertical_padding":"hide","_kad_post_feature":"hide","_kad_post_feature_position":"","_kad_post_header":false,"_kad_post_footer":false,"footnotes":""},"_links":{"self":[{"href":"https:\/\/menuzim.com\/index.php\/wp-json\/wp\/v2\/pages\/2113"}],"collection":[{"href":"https:\/\/menuzim.com\/index.php\/wp-json\/wp\/v2\/pages"}],"about":[{"href":"https:\/\/menuzim.com\/index.php\/wp-json\/wp\/v2\/types\/page"}],"author":[{"embeddable":true,"href":"https:\/\/menuzim.com\/index.php\/wp-json\/wp\/v2\/users\/1"}],"replies":[{"embeddable":true,"href":"https:\/\/menuzim.com\/index.php\/wp-json\/wp\/v2\/comments?post=2113"}],"version-history":[{"count":0,"href":"https:\/\/menuzim.com\/index.php\/wp-json\/wp\/v2\/pages\/2113\/revisions"}],"wp:attachment":[{"href":"https:\/\/menuzim.com\/index.php\/wp-json\/wp\/v2\/media?parent=2113"}],"curies":[{"name":"wp","href":"https:\/\/api.w.org\/{rel}","templated":true}]}}