{"id":1574,"date":"2024-01-11T16:29:08","date_gmt":"2024-01-11T19:29:08","guid":{"rendered":"https:\/\/menuzim.com\/?page_id=1574"},"modified":"2024-01-12T03:28:21","modified_gmt":"2024-01-12T06:28:21","slug":"privacidade","status":"publish","type":"page","link":"https:\/\/menuzim.com\/index.php\/privacidade\/","title":{"rendered":"Privacidade"},"content":{"rendered":"\t\t<div data-elementor-type=\"wp-page\" data-elementor-id=\"1574\" class=\"elementor elementor-1574\">\n\t\t\t\t\t\t\t<div class=\"elementor-element elementor-element-c320752 e-flex e-con-boxed e-con e-parent\" data-id=\"c320752\" data-element_type=\"container\" data-settings=\"{&quot;content_width&quot;:&quot;boxed&quot;,&quot;_ha_eqh_enable&quot;:false}\" data-core-v316-plus=\"true\">\n\t\t\t\t\t<div class=\"e-con-inner\">\n\t\t<div class=\"elementor-element elementor-element-7ccfe29 e-con-full e-flex e-con e-child\" data-id=\"7ccfe29\" data-element_type=\"container\" data-settings=\"{&quot;content_width&quot;:&quot;full&quot;,&quot;_ha_eqh_enable&quot;:false}\">\n\t\t\t\t<div class=\"elementor-element elementor-element-63662cf elementor-widget elementor-widget-image\" data-id=\"63662cf\" data-element_type=\"widget\" data-widget_type=\"image.default\">\n\t\t\t\t<div class=\"elementor-widget-container\">\n\t\t\t<style>\/*! elementor - v3.18.0 - 20-12-2023 *\/\n.elementor-widget-image{text-align:center}.elementor-widget-image a{display:inline-block}.elementor-widget-image a img[src$=\".svg\"]{width:48px}.elementor-widget-image img{vertical-align:middle;display:inline-block}<\/style>\t\t\t\t\t\t\t\t\t\t\t\t<img fetchpriority=\"high\" decoding=\"async\" width=\"448\" height=\"390\" src=\"https:\/\/menuzim.com\/wp-content\/uploads\/2024\/01\/dados-img.png\" class=\"attachment-large size-large wp-image-1579\" alt=\"\" srcset=\"https:\/\/menuzim.com\/wp-content\/uploads\/2024\/01\/dados-img.png 448w, https:\/\/menuzim.com\/wp-content\/uploads\/2024\/01\/dados-img-300x261.png 300w\" sizes=\"(max-width: 448px) 100vw, 448px\" \/>\t\t\t\t\t\t\t\t\t\t\t\t\t\t\t<\/div>\n\t\t\t\t<\/div>\n\t\t\t\t<\/div>\n\t\t<div class=\"elementor-element elementor-element-11037f5 e-con-full e-flex e-con e-child\" data-id=\"11037f5\" data-element_type=\"container\" data-settings=\"{&quot;content_width&quot;:&quot;full&quot;,&quot;_ha_eqh_enable&quot;:false}\">\n\t\t\t\t<div class=\"elementor-element elementor-element-9de0a2d elementor-widget elementor-widget-heading\" data-id=\"9de0a2d\" data-element_type=\"widget\" data-widget_type=\"heading.default\">\n\t\t\t\t<div class=\"elementor-widget-container\">\n\t\t\t<style>\/*! elementor - v3.18.0 - 20-12-2023 *\/\n.elementor-heading-title{padding:0;margin:0;line-height:1}.elementor-widget-heading .elementor-heading-title[class*=elementor-size-]>a{color:inherit;font-size:inherit;line-height:inherit}.elementor-widget-heading .elementor-heading-title.elementor-size-small{font-size:15px}.elementor-widget-heading .elementor-heading-title.elementor-size-medium{font-size:19px}.elementor-widget-heading .elementor-heading-title.elementor-size-large{font-size:29px}.elementor-widget-heading .elementor-heading-title.elementor-size-xl{font-size:39px}.elementor-widget-heading .elementor-heading-title.elementor-size-xxl{font-size:59px}<\/style><h2 class=\"elementor-heading-title elementor-size-default\">Pol\u00edticas de privacidade.<\/h2>\t\t<\/div>\n\t\t\t\t<\/div>\n\t\t\t\t<div class=\"elementor-element elementor-element-23a265d elementor-widget elementor-widget-text-editor\" data-id=\"23a265d\" data-element_type=\"widget\" data-widget_type=\"text-editor.default\">\n\t\t\t\t<div class=\"elementor-widget-container\">\n\t\t\t<style>\/*! elementor - v3.18.0 - 20-12-2023 *\/\n.elementor-widget-text-editor.elementor-drop-cap-view-stacked .elementor-drop-cap{background-color:#69727d;color:#fff}.elementor-widget-text-editor.elementor-drop-cap-view-framed .elementor-drop-cap{color:#69727d;border:3px solid;background-color:transparent}.elementor-widget-text-editor:not(.elementor-drop-cap-view-default) .elementor-drop-cap{margin-top:8px}.elementor-widget-text-editor:not(.elementor-drop-cap-view-default) .elementor-drop-cap-letter{width:1em;height:1em}.elementor-widget-text-editor .elementor-drop-cap{float:left;text-align:center;line-height:1;font-size:50px}.elementor-widget-text-editor .elementor-drop-cap-letter{display:inline-block}<\/style>\t\t\t\t<p>Agradecemos por escolher ZimDigital. A sua privacidade \u00e9 de extrema import\u00e2ncia para n\u00f3s, e estamos empenhados em proteger e respeitar suas informa\u00e7\u00f5es pessoais. Esta Pol\u00edtica de Privacidade explica como coletamos, usamos e protegemos suas informa\u00e7\u00f5es quando voc\u00ea utiliza nossos servi\u00e7os.<\/p><p><strong>1. Informa\u00e7\u00f5es Coletadas:<\/strong><\/p><p>Ao utilizar nosso site, podemos coletar as seguintes informa\u00e7\u00f5es:<\/p><ul><li>Informa\u00e7\u00f5es pessoais: Nome, endere\u00e7o, e-mail, n\u00famero de telefone, etc.<\/li><li>Informa\u00e7\u00f5es de pagamento: Detalhes de cart\u00e3o de cr\u00e9dito, informa\u00e7\u00f5es banc\u00e1rias, etc.<\/li><li>Informa\u00e7\u00f5es de navega\u00e7\u00e3o: Endere\u00e7o IP, tipo de navegador, p\u00e1ginas visitadas, etc.<\/li><li>Informa\u00e7\u00f5es de dispositivo: Tipo de dispositivo, sistema operacional, identificadores exclusivos, etc.<\/li><\/ul><p><strong>2. Uso das Informa\u00e7\u00f5es:<\/strong><\/p><p>Utilizamos suas informa\u00e7\u00f5es para:<\/p><ul><li>Processar pedidos e transa\u00e7\u00f5es.<\/li><li>Personalizar sua experi\u00eancia de compra.<\/li><li>Melhorar nossos produtos e servi\u00e7os.<\/li><li>Enviar atualiza\u00e7\u00f5es sobre pedidos, promo\u00e7\u00f5es e novos produtos.<\/li><li>Garantir a seguran\u00e7a e integridade de nossos servi\u00e7os.<\/li><\/ul><p><strong>3. Compartilhamento de Informa\u00e7\u00f5es:<\/strong><\/p><p>N\u00e3o vendemos, alugamos ou trocamos suas informa\u00e7\u00f5es pessoais com terceiros sem seu consentimento, exceto quando necess\u00e1rio para a presta\u00e7\u00e3o de servi\u00e7os (por exemplo, processamento de pagamento, entrega).<\/p><p><strong>4. Cookies e Tecnologias Semelhantes:<\/strong><\/p><p>Utilizamos cookies e tecnologias semelhantes para melhorar a funcionalidade do site, entender o comportamento do usu\u00e1rio e personalizar conte\u00fados. Voc\u00ea pode gerenciar as configura\u00e7\u00f5es de cookies no seu navegador.<\/p><p><strong>5. Seguran\u00e7a:<\/strong><\/p><p>Implementamos medidas de seguran\u00e7a para proteger suas informa\u00e7\u00f5es contra acesso n\u00e3o autorizado, altera\u00e7\u00e3o, divulga\u00e7\u00e3o ou destrui\u00e7\u00e3o.<\/p><p><strong>6. Links para Sites de Terceiros:<\/strong><\/p><p>Nosso site pode conter links para sites de terceiros. Recomendamos revisar as pol\u00edticas de privacidade desses sites, pois n\u00e3o temos controle sobre suas pr\u00e1ticas.<\/p><p><strong>7. Menores de Idade:<\/strong><\/p><p>Nosso site n\u00e3o \u00e9 direcionado a menores de idade. N\u00e3o coletamos intencionalmente informa\u00e7\u00f5es pessoais de crian\u00e7as.<\/p><p><strong>8. Altera\u00e7\u00f5es nesta Pol\u00edtica:<\/strong><\/p><p>Reservamo-nos o direito de modificar esta Pol\u00edtica de Privacidade a qualquer momento. As altera\u00e7\u00f5es ser\u00e3o divulgadas em nosso site, e recomendamos que voc\u00ea as reveja periodicamente.<\/p><p>Ao utilizar nosso site, voc\u00ea concorda com os termos desta Pol\u00edtica de Privacidade. Se tiver d\u00favidas ou preocupa\u00e7\u00f5es, entre em contato conosco atrav\u00e9s dos canais de atendimento dispon\u00edveis.<\/p><p>Obrigado por confiar em https:\/\/menuzim.com para atender as necessidades de sua empresa.<\/p><p>Atenciosamente, ZimDigital\u00a0<\/p>\t\t\t\t\t\t<\/div>\n\t\t\t\t<\/div>\n\t\t\t\t<div class=\"elementor-element elementor-element-eb5643a elementor-align-right elementor-mobile-align-right elementor-widget elementor-widget-button\" data-id=\"eb5643a\" data-element_type=\"widget\" data-widget_type=\"button.default\">\n\t\t\t\t<div class=\"elementor-widget-container\">\n\t\t\t\t\t<div class=\"elementor-button-wrapper\">\n\t\t\t<a class=\"elementor-button elementor-button-link elementor-size-xs elementor-animation-pop\" href=\"https:\/\/menuzim.com\/\">\n\t\t\t\t\t\t<span class=\"elementor-button-content-wrapper\">\n\t\t\t\t\t\t<span class=\"elementor-button-icon elementor-align-icon-left\">\n\t\t\t\t<svg aria-hidden=\"true\" class=\"e-font-icon-svg e-fas-backward\" viewBox=\"0 0 512 512\" xmlns=\"http:\/\/www.w3.org\/2000\/svg\"><path d=\"M11.5 280.6l192 160c20.6 17.2 52.5 2.8 52.5-24.6V96c0-27.4-31.9-41.8-52.5-24.6l-192 160c-15.3 12.8-15.3 36.4 0 49.2zm256 0l192 160c20.6 17.2 52.5 2.8 52.5-24.6V96c0-27.4-31.9-41.8-52.5-24.6l-192 160c-15.3 12.8-15.3 36.4 0 49.2z\"><\/path><\/svg>\t\t\t<\/span>\n\t\t\t\t\t\t<span class=\"elementor-button-text\">Voltar para pagina principal<\/span>\n\t\t<\/span>\n\t\t\t\t\t<\/a>\n\t\t<\/div>\n\t\t\t\t<\/div>\n\t\t\t\t<\/div>\n\t\t\t\t<\/div>\n\t\t\t\t\t<\/div>\n\t\t\t\t<\/div>\n\t\t\t\t\t\t\t<\/div>\n\t\t","protected":false},"excerpt":{"rendered":"<p>Pol\u00edticas de privacidade. Agradecemos por escolher ZimDigital. A sua privacidade \u00e9 de extrema import\u00e2ncia para n\u00f3s, e estamos empenhados em proteger e respeitar suas informa\u00e7\u00f5es pessoais. Esta Pol\u00edtica de Privacidade explica como coletamos, usamos e protegemos suas informa\u00e7\u00f5es quando voc\u00ea utiliza nossos servi\u00e7os. 1. Informa\u00e7\u00f5es Coletadas: Ao utilizar nosso site, podemos coletar as seguintes informa\u00e7\u00f5es:&#8230;<\/p>\n","protected":false},"author":1,"featured_media":0,"parent":0,"menu_order":0,"comment_status":"closed","ping_status":"closed","template":"","meta":{"_kad_post_transparent":"","_kad_post_title":"hide","_kad_post_layout":"fullwidth","_kad_post_sidebar_id":"","_kad_post_content_style":"unboxed","_kad_post_vertical_padding":"hide","_kad_post_feature":"hide","_kad_post_feature_position":"","_kad_post_header":false,"_kad_post_footer":false,"footnotes":""},"_links":{"self":[{"href":"https:\/\/menuzim.com\/index.php\/wp-json\/wp\/v2\/pages\/1574"}],"collection":[{"href":"https:\/\/menuzim.com\/index.php\/wp-json\/wp\/v2\/pages"}],"about":[{"href":"https:\/\/menuzim.com\/index.php\/wp-json\/wp\/v2\/types\/page"}],"author":[{"embeddable":true,"href":"https:\/\/menuzim.com\/index.php\/wp-json\/wp\/v2\/users\/1"}],"replies":[{"embeddable":true,"href":"https:\/\/menuzim.com\/index.php\/wp-json\/wp\/v2\/comments?post=1574"}],"version-history":[{"count":0,"href":"https:\/\/menuzim.com\/index.php\/wp-json\/wp\/v2\/pages\/1574\/revisions"}],"wp:attachment":[{"href":"https:\/\/menuzim.com\/index.php\/wp-json\/wp\/v2\/media?parent=1574"}],"curies":[{"name":"wp","href":"https:\/\/api.w.org\/{rel}","templated":true}]}}